{"id":3630,"date":"2014-12-15T10:37:12","date_gmt":"2014-12-15T15:37:12","guid":{"rendered":"http:\/\/www.mesfinancesperso.com\/blog\/?page_id=3630"},"modified":"2020-07-29T09:11:52","modified_gmt":"2020-07-29T14:11:52","slug":"ressources","status":"publish","type":"page","link":"https:\/\/www.mesfinancesperso.com\/blog\/ressources\/","title":{"rendered":"Ressources"},"content":{"rendered":"<p>Voici une page de ressources utiles\u00a0en <strong>finances personnelles, entrepreneuriat, affaires, productivit\u00e9, livres int\u00e9ressants, logiciels,\u00a0formations\u00a0int\u00e9ressantes<\/strong> et plus!<\/p>\n<p>Dans ma qu\u00eate vers l&rsquo;<strong>ind\u00e9pendance financi\u00e8re<\/strong>, plusieurs ressources m&rsquo;ont aid\u00e9 \u00e0 r\u00e9ussir les objectifs que je me suis fix\u00e9s. Ces outils m&rsquo;ont fait\u00a0\u00e9conomiser beaucoup de temps et d&rsquo;argent, en plus de me faire\u00a0\u00e9viter des\u00a0erreurs co\u00fbteuses.\u00a0Comme toujours, j&rsquo;essaye de partager avec vous ce qui marche le plus, donc je ne pouvais pas passer \u00e0 c\u00f4t\u00e9 de l&rsquo;opportunit\u00e9 de les partager avec vous tous dans un endroit simple \u00e0 consulter.<\/p>\n<p>Vous retrouverez donc, sur cette page, des livres, services ou logiciels que j&rsquo;ai moi-m\u00eame utilis\u00e9s. Cette page \u00e9voluera avec le temps et j&rsquo;y ferai souvent mention dans le blogue. Par cons\u00e9quent, je vous sugg\u00e8re\u00a0de la mettre dans vos favoris pour r\u00e9f\u00e9rence future.\u00a0J&rsquo;esp\u00e8re que vous l&rsquo;appr\u00e9cierez !<\/p>\n<h2>La cr\u00e8me de la cr\u00e8me<\/h2>\n<h3>Meilleure banque en ligne &#8211; Tangerine<\/h3>\n<p>Institution financi\u00e8re : Tangerine (<em>Anciennement ING Direct<\/em>)<br \/>Pays : Canada<br \/>Maintenant : Propri\u00e9t\u00e9 de La Banque Scotia<br \/>Note personnelle : 10 \/ 10<\/p>\n<p><strong>Cl\u00e9 orange &#8211; 17333140S1 &#8211; Obtenez 50$ gratuitement \u00e0 l&rsquo;ouverture<\/strong><\/p>\n<p>Ouvrez un compte en utilisant ma cl\u00e9 orange et <strong>obtenez 50$ : 17333140S1 <\/strong><\/p>\n<p><em>*Nouveau*<\/em><\/p>\n<p><strong><u>Offre sp\u00e9ciale<\/u><\/strong> : D\u00e8s le 16 juin 2020, devenez un nouveau client chez Tangerine et obtenez <strong>2,50 % d\u2019int\u00e9r\u00eat<\/strong> pendant les 5 premiers mois dans votre premier compte d\u2019\u00e9pargne (Compte \u00e9pargne \u00e0 int\u00e9r\u00eat \u00e9lev\u00e9, CELI ou R\u00c9ER)<\/p>\n<p><strong><u><a href=\"https:\/\/www.mesfinancesperso.com\/blog\/tangerine-03r0\" target=\"_blank\" rel=\"noopener noreferrer\">Cliquez ici pour voir l&rsquo;offre<\/a><\/u><\/strong><\/p>\n<p>En r\u00e9sum\u00e9 : Excellente banque en ligne, m\u00eame depuis qu&rsquo;elle a chang\u00e9 d&rsquo;ING Direct \u00e0 Tangerine. On ne paye pratiquement jamais de frais, l&rsquo;int\u00e9r\u00eat et bon et le service \u00e0 la client\u00e8le par t\u00e9l\u00e9phone ou courriel est excellent. Ce que j&rsquo;aime le plus, c&rsquo;est la possibilit\u00e9 de se cr\u00e9er plusieurs comptes \u00e9pargnes qui sont tous reli\u00e9s au m\u00eame, puis on peut les nommer pour avoir divers objectifs d&rsquo;\u00e9pargne (prochain voyage, fond d&rsquo;urgence, etc.). Vient en second lieu leur SUPERBE compte-ch\u00e8ques (compte courant) interac SANS frais (transactions illimit\u00e9s) et qui VERSE de l&rsquo;int\u00e9r\u00eat!<\/p>\n<p>Aussi, il est possible d&rsquo;encaisser des ch\u00e8ques en les prenant en photo avec l&rsquo;application mobile et d&rsquo;envoyer de l&rsquo;argent par courriel. De plus, contrairement \u00e0 ce que bien des gens pourraient penser, vous n&rsquo;\u00eates pas oblig\u00e9s de tout basculer vos finances sur cette banque; vous pouvez l&rsquo;utiliser comme compl\u00e9ment \u00e0 votre institution financi\u00e8re actuelle, comme je fais.<\/p>\n<p>Sp\u00e9cifiez ma cl\u00e9 orange <strong>17333140S1<\/strong> en ouvrant votre compte et <strong>recevez 50$<\/strong> sans efforts! Cette cl\u00e9 vous donnera 50$ (\u00e0 condition que vous d\u00e9posiez 250$ \u00e0 l&rsquo;int\u00e9rieur des 60 premiers jours d&rsquo;\u00eatre un client).<\/p>\n<p>Voir d\u00e9tails &amp; conditions sur leur site.<\/p>\n<p><strong>Pour d\u00e9buter l&rsquo;inscription<\/strong> : <a href=\"https:\/\/www.mesfinancesperso.com\/blog\/tangerine-03r0\">https:\/\/www.mesfinancesperso.com\/blog\/tangerine-03r0<\/a><\/p>\n<p><em>Article du blogue reli\u00e9, lecture recommand\u00e9e (pour en apprendre plus)\u00a0:\u00a0<a title=\"ING Direct Canada devient Tangerine !\" href=\"http:\/\/www.mesfinancesperso.com\/blog\/ing-direct-canada-devient-tangerine\/\" target=\"_blank\" rel=\"noopener noreferrer\">ING Direct Canada devient Tangerine<\/a><\/em><\/p>\n<h3>\u00a0<\/h3>\n<h3>Livres sur l&rsquo;investissement<\/h3>\n<p>Livre :\u00a0MONEY Master the Game: 7 Simple Steps to Financial Freedom (Anglais)<br \/>Langue : Anglais<br \/>Auteur : Tony Robbins<br \/>Note personnelle : 9,5 \/ 10<br \/>Pourquoi je le recommande : Pour ceux qui se demandent par o\u00f9 commencer avec l&rsquo;investissement, dans quoi investir, quelle est la meilleure strat\u00e9gie, etc, ce livre couvre tout. Tony Robbins a rencontr\u00e9 les meilleurs investisseurs de la plan\u00e8te pour faire ce livre, dans le but de vulgariser pour tous ce qu&rsquo;il faut savoir lorsqu&rsquo;on d\u00e9sire investir dans le march\u00e9 boursier. C&rsquo;est plus qu&rsquo;excellent.<\/p>\n<p><strong>Liens d&rsquo;achat en ligne :\u00a0<\/strong><br \/><a href=\"http:\/\/www.amazon.ca\/gp\/switch-language\/product\/1476757801\/ref=topnav_switchLang?ie=UTF8&amp;keywords=money%20master%20the%20game&amp;language=fr_CA&amp;qid=1426952105&amp;sr=8-1\" target=\"_blank\" rel=\"nofollow noopener noreferrer\">Amazon Canada<\/a>, <a href=\"http:\/\/www.amazon.fr\/dp\/1501105280\/?tag=mesfinper-21\" target=\"_blank\" rel=\"nofollow noopener noreferrer\">Amazon France<\/a><\/p>\n<h3>\u00a0<\/h3>\n<h3>Livres sur les finances personnelles<\/h3>\n<p>Livre : I Will Teach You To Be Rich<br \/>Langue : Anglais (Traduction disponible : Devenez Riche, voir ci-dessous)<br \/>Auteur : Ramit Sethi<br \/>Note personnelle : 9,5 \/ 10<br \/>\u00c0 qui s&rsquo;adresse ce livre : Toute personne dans la vingtaine, trentaine ou quarantaine voulant prendre leurs finances personnelles en main.<br \/>Pourquoi je le recommande\u00a0: Ce livre est intelligemment agenc\u00e9 en\u00a0un programme de 6 semaines, simple \u00e0 suivre (semaine par semaine) qui vous aidera \u00e0 redresser\u00a0vos finances personnelles de A \u00e0 Z. C&rsquo;est vraiment excellent.<\/p>\n<p><strong>Liens d&rsquo;achat en ligne :<\/strong><br \/><a title=\"Acheter sur Amazon.ca\" href=\"http:\/\/www.amazon.ca\/gp\/product\/0761147489\/ref=as_li_ss_tl?ie=UTF8&amp;camp=15121&amp;creative=390961&amp;creativeASIN=0761147489&amp;linkCode=as2\" target=\"_blank\" rel=\"nofollow noopener noreferrer\">Amazon Canada<\/a>,\u00a0<a title=\"Acheter sur Amazon.fr\" href=\"http:\/\/www.amazon.fr\/dp\/0761147489\/?tag=mesfinper-21\" target=\"_blank\" rel=\"nofollow noopener noreferrer\">Amazon France<\/a><br \/>O\u00f9 acheter la traduction du livre (Devenez Riche) :<br \/><a title=\"Acheter sur Amazon.ca\" href=\"http:\/\/www.amazon.ca\/gp\/product\/2848994215\/ref=as_li_ss_tl?ie=UTF8&amp;camp=15121&amp;creative=390961&amp;creativeASIN=2848994215&amp;linkCode=as2&amp;tag=mesfinancpers-20\" target=\"_blank\" rel=\"nofollow noopener noreferrer\">Amazon Canada<\/a>,\u00a0<a title=\"Acheter sur Amazon.fr\" href=\"http:\/\/www.amazon.fr\/dp\/2848994215\/?tag=mesfinper-21\" target=\"_blank\" rel=\"nofollow noopener noreferrer\">Amazon France<\/a><\/p>\n<h3>\u00a0<\/h3>\n<h3>Livres sur le succ\u00e8s<\/h3>\n<p><em>\u00c0 venir&#8230;<\/em><\/p>\n<h3>\u00a0<\/h3>\n<h3>Livres sur la productivit\u00e9<\/h3>\n<p><em>\u00c0 venir&#8230;<\/em><\/p>\n<p>\u00a0<\/p>\n<p><span style=\"font-size: 8pt;\"><em><span style=\"text-decoration: underline;\">Important<\/span> : Veuillez noter que certaines des ressources ci-dessus sont accompagn\u00e9es de liens affili\u00e9s et sont des recommandations personnelles que j&rsquo;ai utilis\u00e9es \/ consult\u00e9es moi-m\u00eame. La d\u00e9cision finale vous revient, je n&rsquo;oblige personne \u00e0 suivre mes recommandations, ce n&rsquo;est que mon opinion que je vous partage pour vous aider dans votre qu\u00eate d&rsquo;am\u00e9lioration de vos finances personnelles. Gr\u00e2ce \u00e0 l&rsquo;affiliation et aux liens affili\u00e9s, le site que je mentionne est mis au courant que je vous ai r\u00e9f\u00e9r\u00e9 et peut, dans certains cas, me reverser une commission si vous effectuez un achat sur son site. Ceci n&rsquo;impacte en aucun cas n\u00e9gativement le prix que vous payez, puisque la commission qu&rsquo;ils me reversent est prise depuis leur propre marge de profit. \u00a0En r\u00e9sum\u00e9, passer par l&rsquo;un de ces liens avant de vous procurer la ressource est en une fa\u00e7on de m&rsquo;encourager! Merci d&rsquo;avance!<\/em><\/span><\/p>\n\n","protected":false},"excerpt":{"rendered":"<p>Voici une page de ressources utiles\u00a0en finances personnelles, entrepreneuriat, affaires, productivit\u00e9, livres int\u00e9ressants, logiciels,\u00a0formations\u00a0int\u00e9ressantes et plus! Dans ma qu\u00eate vers l&rsquo;ind\u00e9pendance financi\u00e8re, plusieurs ressources m&rsquo;ont aid\u00e9 \u00e0 r\u00e9ussir les objectifs que je me suis fix\u00e9s. Ces outils m&rsquo;ont fait\u00a0\u00e9conomiser beaucoup de temps et d&rsquo;argent, en plus de me faire\u00a0\u00e9viter des\u00a0erreurs co\u00fbteuses.\u00a0Comme toujours, j&rsquo;essaye de partager [&hellip;]<\/p>\n","protected":false},"author":1,"featured_media":0,"parent":0,"menu_order":0,"comment_status":"closed","ping_status":"open","template":"","meta":{"footnotes":""},"class_list":["post-3630","page","type-page","status-publish","hentry"],"aioseo_notices":[],"_links":{"self":[{"href":"https:\/\/www.mesfinancesperso.com\/blog\/wp-json\/wp\/v2\/pages\/3630","targetHints":{"allow":["GET"]}}],"collection":[{"href":"https:\/\/www.mesfinancesperso.com\/blog\/wp-json\/wp\/v2\/pages"}],"about":[{"href":"https:\/\/www.mesfinancesperso.com\/blog\/wp-json\/wp\/v2\/types\/page"}],"author":[{"embeddable":true,"href":"https:\/\/www.mesfinancesperso.com\/blog\/wp-json\/wp\/v2\/users\/1"}],"replies":[{"embeddable":true,"href":"https:\/\/www.mesfinancesperso.com\/blog\/wp-json\/wp\/v2\/comments?post=3630"}],"version-history":[{"count":9,"href":"https:\/\/www.mesfinancesperso.com\/blog\/wp-json\/wp\/v2\/pages\/3630\/revisions"}],"predecessor-version":[{"id":4426,"href":"https:\/\/www.mesfinancesperso.com\/blog\/wp-json\/wp\/v2\/pages\/3630\/revisions\/4426"}],"wp:attachment":[{"href":"https:\/\/www.mesfinancesperso.com\/blog\/wp-json\/wp\/v2\/media?parent=3630"}],"curies":[{"name":"wp","href":"https:\/\/api.w.org\/{rel}","templated":true}]}}