{"id":3691,"date":"2015-02-22T20:02:29","date_gmt":"2015-02-23T01:02:29","guid":{"rendered":"http:\/\/www.mesfinancesperso.com\/blog\/?page_id=3691"},"modified":"2016-09-08T10:30:03","modified_gmt":"2016-09-08T15:30:03","slug":"coaching","status":"publish","type":"page","link":"https:\/\/www.mesfinancesperso.com\/blog\/coaching\/","title":{"rendered":"Coaching (1 \u00e0 1)"},"content":{"rendered":"<p><em>Vous vous sentez <strong>bloqu\u00e9<\/strong>\u00a0et\u00a0avez besoin d&rsquo;<strong>un peu d&rsquo;aide<\/strong>?<\/em><\/p>\n<p>Laissez-moi vous aider personnellement!<\/p>\n<p>La capacit\u00e9 \u00e0 \u00eatre capable de demander de l&rsquo;aide (<em>et ne pas vouloir faire tout seul<\/em>) est tr\u00e8s importante et plus vous\u00a0comprendrez\u00a0t\u00f4t cette le\u00e7on, plus vite vous atteindrez\u00a0de nouveaux sommets de r\u00e9ussite.<\/p>\n<p>La preuve, je fais moi-m\u00eame aussi appel \u00e0 plusieurs sources pour m&rsquo;am\u00e9liorer, et ce, depuis longtemps! Il n&rsquo;y a pas de g\u00eane \u00e0 avoir l\u00e0-dessus. Apr\u00e8s tout, les meilleurs athl\u00e8tes professionnels de ce monde ont tous des coachs, ce n&rsquo;est pas pour rien!<\/p>\n<p>Donc, vous aimeriez\u00a0passer au niveau sup\u00e9rieur plus rapidement?<\/p>\n<p>Plusieurs\u00a0personnes ont fait\u00a0appel \u00e0 mes services pour recevoir de l&rsquo;aide :<\/p>\n<ul>\n<li><span style=\"text-decoration: underline;\">Productivit\u00e9<\/span> : Comment devenir et \u00eatre productif.<\/li>\n<li><span style=\"text-decoration: underline;\">GTD<\/span> : Apprendre en acc\u00e9l\u00e9r\u00e9 la m\u00e9thodologie de productivit\u00e9 \u00ab\u00a0Getting Things Done\u00a0\u00bb.<\/li>\n<li><span style=\"text-decoration: underline;\">Argent<\/span> : Comment am\u00e9liorer ses finances personnelles, peu importe o\u00f9 vous \u00eates rendus dans\u00a0la gestion de celles-ci.<\/li>\n<li><span style=\"text-decoration: underline;\">Entrepreneuriat<\/span> : Vous pensez \u00e0 vous lancer en affaires, ou vous d\u00e9sirez des conseils \u00ab\u00a0business\u00a0\u00bb sur votre entreprise existante? Vous \u00eates au bon endroit.<\/li>\n<li><span style=\"text-decoration: underline;\">Motivation<\/span> : Vous ne savez pas par o\u00f9 commencer? \u00c9crivez-moi, je peux vous aider.<\/li>\n<li><span style=\"text-decoration: underline;\">Vente<\/span> : La capacit\u00e9 de vendre\u00a0est une habilet\u00e9 indispensable en affaires. C&rsquo;est un de mes sujets favoris, alors n&rsquo;h\u00e9sitez pas, je peux assur\u00e9ment vous aider \u00e0 augmenter vos ventes!<\/li>\n<li><span style=\"text-decoration: underline;\">Objectifs<\/span> : Comment d\u00e9finir vos\u00a0objectifs de la bonne fa\u00e7on, pour augmenter votre chance de les r\u00e9ussir.<\/li>\n<\/ul>\n<p><!--more--><\/p>\n<p>Les\u00a0personnes venant\u00a0vers moi pour des s\u00e9ances de\u00a0consultation sont tr\u00e8s vari\u00e9es, allant de d\u00e9butants complets \u00e0 personnes ayant d\u00e9j\u00e0 une bonne longueur d&rsquo;avance, voulant continuer d&rsquo;am\u00e9liorer leurs habilet\u00e9s. Ces gens\u00a0veulent\u00a0souvent obtenir\u00a0un\u00a0r\u00e9sum\u00e9 intensif de certaines des meilleures connaissances que j&rsquo;ai acquises dans les livres et par l&rsquo;exp\u00e9rience \u00ab\u00a0sur le terrain\u00a0\u00bb.<\/p>\n<p>N&rsquo;h\u00e9sitez donc pas \u00e0 m&rsquo;\u00e9crire aujourd&rsquo;hui via le formulaire ci-dessous,\u00a0et ce, peu importe votre situation, car je ne juge personne qui vient vers moi pour de l&rsquo;aide :<\/p>\n<p>[contact-form-7 id=\u00a0\u00bb3693&Prime; title=\u00a0\u00bbConsultation Formulaire de Contact\u00a0\u00bb]<\/p>\n<p>Merci et au plaisir de pouvoir vous aider \u00e0 atteindre vos objectifs!<\/p>\n<p>\u00c0 bient\u00f4t pour la suite?<\/p>\n<p>&#8211; Uriel \ud83d\ude42<\/p>\n","protected":false},"excerpt":{"rendered":"<p>Vous vous sentez bloqu\u00e9\u00a0et\u00a0avez besoin d&rsquo;un peu d&rsquo;aide? Laissez-moi vous aider personnellement! La capacit\u00e9 \u00e0 \u00eatre capable de demander de l&rsquo;aide (et ne pas vouloir faire tout seul) est tr\u00e8s importante et plus vous\u00a0comprendrez\u00a0t\u00f4t cette le\u00e7on, plus vite vous atteindrez\u00a0de nouveaux sommets de r\u00e9ussite. La preuve, je fais moi-m\u00eame aussi appel \u00e0 plusieurs sources pour [&hellip;]<\/p>\n","protected":false},"author":1,"featured_media":0,"parent":0,"menu_order":0,"comment_status":"closed","ping_status":"open","template":"","meta":{"footnotes":""},"class_list":["post-3691","page","type-page","status-publish","hentry"],"aioseo_notices":[],"_links":{"self":[{"href":"https:\/\/www.mesfinancesperso.com\/blog\/wp-json\/wp\/v2\/pages\/3691","targetHints":{"allow":["GET"]}}],"collection":[{"href":"https:\/\/www.mesfinancesperso.com\/blog\/wp-json\/wp\/v2\/pages"}],"about":[{"href":"https:\/\/www.mesfinancesperso.com\/blog\/wp-json\/wp\/v2\/types\/page"}],"author":[{"embeddable":true,"href":"https:\/\/www.mesfinancesperso.com\/blog\/wp-json\/wp\/v2\/users\/1"}],"replies":[{"embeddable":true,"href":"https:\/\/www.mesfinancesperso.com\/blog\/wp-json\/wp\/v2\/comments?post=3691"}],"version-history":[{"count":0,"href":"https:\/\/www.mesfinancesperso.com\/blog\/wp-json\/wp\/v2\/pages\/3691\/revisions"}],"wp:attachment":[{"href":"https:\/\/www.mesfinancesperso.com\/blog\/wp-json\/wp\/v2\/media?parent=3691"}],"curies":[{"name":"wp","href":"https:\/\/api.w.org\/{rel}","templated":true}]}}